{"id":285,"date":"2023-11-21T11:49:20","date_gmt":"2023-11-21T10:49:20","guid":{"rendered":"https:\/\/portal-krokitchen.crmcarecloud.com\/?page_id=285"},"modified":"2025-06-13T09:10:55","modified_gmt":"2025-06-13T07:10:55","slug":"home","status":"publish","type":"page","link":"https:\/\/portal-krokitchen.crmcarecloud.com\/en\/","title":{"rendered":"\u00davodn\u00ed str\u00e1nka"},"content":{"rendered":"<div class=\"wp-block-group alignfull section-intro has-global-padding is-layout-constrained wp-block-group-is-layout-constrained\" style=\"padding-bottom:var(--wp--preset--spacing--40)\">\n<div class=\"wp-block-cover alignfull\" style=\"padding-top:0px;min-height:100vh;aspect-ratio:unset;\"><img loading=\"lazy\" decoding=\"async\" width=\"2236\" height=\"1423\" class=\"wp-block-cover__image-background wp-image-287\" alt=\"\" src=\"https:\/\/portal-krokitchen.crmcarecloud.com\/wp-content\/uploads\/2023\/11\/alma-husa-1.png\" data-object-fit=\"cover\" srcset=\"https:\/\/portal-krokitchen.crmcarecloud.com\/wp-content\/uploads\/2023\/11\/alma-husa-1.png 2236w, https:\/\/portal-krokitchen.crmcarecloud.com\/wp-content\/uploads\/2023\/11\/alma-husa-1-300x191.png 300w, https:\/\/portal-krokitchen.crmcarecloud.com\/wp-content\/uploads\/2023\/11\/alma-husa-1-1024x652.png 1024w, https:\/\/portal-krokitchen.crmcarecloud.com\/wp-content\/uploads\/2023\/11\/alma-husa-1-768x489.png 768w, https:\/\/portal-krokitchen.crmcarecloud.com\/wp-content\/uploads\/2023\/11\/alma-husa-1-1536x978.png 1536w, https:\/\/portal-krokitchen.crmcarecloud.com\/wp-content\/uploads\/2023\/11\/alma-husa-1-2048x1303.png 2048w, https:\/\/portal-krokitchen.crmcarecloud.com\/wp-content\/uploads\/2023\/11\/alma-husa-1-18x12.png 18w\" sizes=\"auto, (max-width: 2236px) 100vw, 2236px\" \/><span aria-hidden=\"true\" class=\"wp-block-cover__background has-contrast-background-color has-background-dim-20 has-background-dim\"><\/span><div class=\"wp-block-cover__inner-container is-layout-flow wp-block-cover-is-layout-flow\">\n<p class=\"has-text-align-center animo-wide-regular has-base-color has-text-color has-link-color wp-elements-46b9ff5200f688096b854448f42f02ed\" style=\"padding-top:0;font-size:clamp(37.821px, 2.364rem + ((1vw - 3.2px) * 3.453), 70px);\">join to our kru:<\/p>\n\n\n\n<div class=\"wp-block-columns is-layout-flex wp-container-core-columns-is-layout-28f84493 wp-block-columns-is-layout-flex\">\n<div class=\"wp-block-column is-layout-flow wp-block-column-is-layout-flow\"><\/div>\n\n\n\n<div class=\"wp-block-column is-layout-flow wp-block-column-is-layout-flow\" style=\"flex-basis:60%\">\n<p class=\"has-text-align-center has-base-color has-text-color has-link-color wp-elements-944ebebbf4d2e9487f9afb5a3248fdd4\" style=\"font-size:clamp(15.747px, 0.984rem + ((1vw - 3.2px) * 0.886), 24px);\">KRU:Karta je v\u011brnostn\u00ed program pro v\u0161echny, kter\u00e9 bav\u00ed j\u00edst, p\u00edt a \u017e\u00edt v KRO a Alma Prague. A\u0165 jste fanou\u0161ky na\u0161ich ku\u0159at, z\u00e1visl\u00ed na KRO Bakery pe\u010divu a na\u0161\u00ed k\u00e1v\u011b, nebo se jednodu\u0161e neum\u00edte odtrhnout od v\u00fdhledu do otev\u0159en\u00e9 kuchyn\u011b v Alm\u011b, s KRU:Kartou bude ka\u017ed\u00e1 va\u0161e n\u00e1v\u0161t\u011bva u n\u00e1s je\u0161t\u011b o n\u011bco spokojen\u011bj\u0161\u00ed.<\/p>\n<\/div>\n\n\n\n<div class=\"wp-block-column is-layout-flow wp-block-column-is-layout-flow\"><\/div>\n<\/div>\n\n\n\n<div class=\"wp-block-columns are-vertically-aligned-bottom is-layout-flex wp-container-core-columns-is-layout-12a0b04b wp-block-columns-is-layout-flex\" style=\"padding-top:var(--wp--preset--spacing--40)\">\n<div class=\"wp-block-column is-vertically-aligned-bottom is-layout-flow wp-block-column-is-layout-flow\"><\/div>\n\n\n\n<div class=\"wp-block-column is-vertically-aligned-bottom is-layout-flow wp-block-column-is-layout-flow\" style=\"flex-basis:70%\">\n<p class=\"has-text-align-center link-style has-base-color has-text-color has-link-color wp-elements-eb41d8791d5f2588a6e3b0b85f2a3feb\" style=\"font-size:clamp(18.959px, 1.185rem + ((1vw - 3.2px) * 1.185), 30px);\"><a href=\"#benefits\">Jak to funguje? \u2193<\/a><\/p>\n<\/div>\n\n\n\n<div class=\"wp-block-column is-vertically-aligned-bottom is-layout-flow wp-block-column-is-layout-flow\"><\/div>\n<\/div>\n<\/div><\/div>\n<\/div>\n\n\n\n<div class=\"wp-block-columns is-layout-flex wp-container-core-columns-is-layout-dfe9b4dc wp-block-columns-is-layout-flex\" id=\"benefits\" style=\"padding-top:var(--wp--preset--spacing--50);padding-bottom:var(--wp--preset--spacing--30)\">\n<div class=\"wp-block-column is-vertically-aligned-center column-with-text is-layout-flow wp-block-column-is-layout-flow\" style=\"padding-top:0;padding-right:0\">\n<h4 class=\"wp-block-heading\" style=\"padding-right:var(--wp--preset--spacing--50)\">V\u00fdhody KRU:Karty<\/h4>\n\n\n\n<p style=\"padding-right:var(--wp--preset--spacing--50)\">KRU:Karta funguje na principu cashback \u2013 za ka\u017ed\u00fdch 1000 K\u010d, kter\u00e9 v jednom z na\u0161ich podnik\u016f utrat\u00edte, v\u00e1m p\u0159ip\u00ed\u0161eme 50 bod\u016f na v\u00e1\u0161 z\u00e1kaznick\u00fd \u00fa\u010det. Nasb\u00edran\u00e9 body pak m\u016f\u017eete vyu\u017e\u00edt p\u0159i dal\u0161\u00edch n\u00e1v\u0161t\u011bv\u00e1ch a zaplatit jimi a\u017e 50% \u010d\u00e1stky \u00fa\u010dtu.<\/p>\n<\/div>\n\n\n\n<div class=\"wp-block-column is-layout-flow wp-block-column-is-layout-flow\">\n<figure class=\"wp-block-image size-large\"><img loading=\"lazy\" decoding=\"async\" width=\"1024\" height=\"576\" src=\"https:\/\/portal-krokitchen.crmcarecloud.com\/wp-content\/uploads\/2024\/02\/3C7A3342-Enhanced-NR-1024x576.jpg\" alt=\"\" class=\"wp-image-727\" srcset=\"https:\/\/portal-krokitchen.crmcarecloud.com\/wp-content\/uploads\/2024\/02\/3C7A3342-Enhanced-NR-1024x576.jpg 1024w, https:\/\/portal-krokitchen.crmcarecloud.com\/wp-content\/uploads\/2024\/02\/3C7A3342-Enhanced-NR-300x169.jpg 300w, https:\/\/portal-krokitchen.crmcarecloud.com\/wp-content\/uploads\/2024\/02\/3C7A3342-Enhanced-NR-768x432.jpg 768w, https:\/\/portal-krokitchen.crmcarecloud.com\/wp-content\/uploads\/2024\/02\/3C7A3342-Enhanced-NR-1536x864.jpg 1536w, https:\/\/portal-krokitchen.crmcarecloud.com\/wp-content\/uploads\/2024\/02\/3C7A3342-Enhanced-NR-18x10.jpg 18w, https:\/\/portal-krokitchen.crmcarecloud.com\/wp-content\/uploads\/2024\/02\/3C7A3342-Enhanced-NR.jpg 2048w\" sizes=\"auto, (max-width: 1024px) 100vw, 1024px\" \/><\/figure>\n<\/div>\n<\/div>\n\n\n\n<div class=\"wp-block-columns column-reverse is-layout-flex wp-container-core-columns-is-layout-ef350914 wp-block-columns-is-layout-flex\" style=\"padding-top:var(--wp--preset--spacing--30);padding-bottom:var(--wp--preset--spacing--30)\">\n<div class=\"wp-block-column has-global-padding is-layout-constrained wp-block-column-is-layout-constrained\">\n<figure class=\"wp-block-image size-large\"><img loading=\"lazy\" decoding=\"async\" width=\"1024\" height=\"576\" src=\"https:\/\/portal-krokitchen.crmcarecloud.com\/wp-content\/uploads\/2024\/02\/3C7A6489-1024x576.jpg\" alt=\"\" class=\"wp-image-729\" srcset=\"https:\/\/portal-krokitchen.crmcarecloud.com\/wp-content\/uploads\/2024\/02\/3C7A6489-1024x576.jpg 1024w, https:\/\/portal-krokitchen.crmcarecloud.com\/wp-content\/uploads\/2024\/02\/3C7A6489-300x169.jpg 300w, https:\/\/portal-krokitchen.crmcarecloud.com\/wp-content\/uploads\/2024\/02\/3C7A6489-768x432.jpg 768w, https:\/\/portal-krokitchen.crmcarecloud.com\/wp-content\/uploads\/2024\/02\/3C7A6489-1536x864.jpg 1536w, https:\/\/portal-krokitchen.crmcarecloud.com\/wp-content\/uploads\/2024\/02\/3C7A6489-18x10.jpg 18w, https:\/\/portal-krokitchen.crmcarecloud.com\/wp-content\/uploads\/2024\/02\/3C7A6489.jpg 2048w\" sizes=\"auto, (max-width: 1024px) 100vw, 1024px\" \/><\/figure>\n<\/div>\n\n\n\n<div class=\"wp-block-column is-vertically-aligned-center column-with-text has-global-padding is-layout-constrained wp-block-column-is-layout-constrained\">\n<h4 class=\"wp-block-heading\" style=\"padding-left:var(--wp--preset--spacing--50)\">SuperKRU:<\/h4>\n\n\n\n<p style=\"padding-left:var(--wp--preset--spacing--50)\">\u010c\u00edm v\u00edce n\u00e1v\u0161t\u011bv, t\u00edm v\u00edce bod\u016f. Kdy\u017e u n\u00e1s b\u011bhem 12 m\u011bs\u00edc\u016f utrat\u00edte 30 000 K\u010d, automaticky se stanete sou\u010d\u00e1st\u00ed na\u0161\u00ed superKRU: a bod\u016f za\u010dnete sb\u00edrat dvojn\u00e1sobek \u2013 p\u0159i ka\u017ed\u00e9 n\u00e1v\u0161t\u011bv\u011b v\u00e1m na v\u011brnostn\u00edm kont\u011b p\u0159ibyde hned 100 bod\u016f m\u00edsto 50.<\/p>\n<\/div>\n<\/div>\n\n\n\n<div class=\"wp-block-columns justify-content-center is-layout-flex wp-container-core-columns-is-layout-ef350914 wp-block-columns-is-layout-flex\" style=\"padding-top:var(--wp--preset--spacing--30);padding-bottom:var(--wp--preset--spacing--30)\">\n<div class=\"wp-block-column is-vertically-aligned-center column-with-text is-layout-flow wp-block-column-is-layout-flow\">\n<h4 class=\"wp-block-heading\" style=\"padding-right:var(--wp--preset--spacing--50)\">To chci! Jak za\u010d\u00edt?<\/h4>\n\n\n\n<p style=\"padding-right:var(--wp--preset--spacing--50)\">KRU:Kartu si sta\u010d\u00ed vyzvednout v kter\u00e9mkoli z podnik\u016f KRO a Alma Prague (<a href=\"#seznam-podniku\">seznam zde<\/a>), zaregistrovat ji a pak u\u017e vesele sb\u00edrat bonusy. Nebo si vytvo\u0159te kartu elektronickou a m\u011bjte ji tak kdykoli po ruce ve sv\u00e9m smartphone. <\/p>\n\n\n\n<div class=\"wp-block-buttons justify-content-center is-layout-flex wp-block-buttons-is-layout-flex\">\n<div class=\"wp-block-button has-custom-width wp-block-button__width-50 btn-registration\"><a class=\"wp-block-button__link has-base-color has-contrast-background-color has-text-color has-background has-link-color has-medium-font-size has-custom-font-size wp-element-button\" href=\"https:\/\/portal-krokitchen.crmcarecloud.com\/en\/registrace\/\">REGISTRUJTE SE<\/a><\/div>\n<\/div>\n<\/div>\n\n\n\n<div class=\"wp-block-column is-layout-flow wp-block-column-is-layout-flow\">\n<figure class=\"wp-block-image size-large\"><img loading=\"lazy\" decoding=\"async\" width=\"1024\" height=\"500\" src=\"https:\/\/portal-krokitchen.crmcarecloud.com\/wp-content\/uploads\/2023\/11\/Kopie-souboru-alma_space10291-Large-1-1024x500.png\" alt=\"\" class=\"wp-image-303\" srcset=\"https:\/\/portal-krokitchen.crmcarecloud.com\/wp-content\/uploads\/2023\/11\/Kopie-souboru-alma_space10291-Large-1-1024x500.png 1024w, https:\/\/portal-krokitchen.crmcarecloud.com\/wp-content\/uploads\/2023\/11\/Kopie-souboru-alma_space10291-Large-1-300x147.png 300w, https:\/\/portal-krokitchen.crmcarecloud.com\/wp-content\/uploads\/2023\/11\/Kopie-souboru-alma_space10291-Large-1-768x375.png 768w, https:\/\/portal-krokitchen.crmcarecloud.com\/wp-content\/uploads\/2023\/11\/Kopie-souboru-alma_space10291-Large-1-18x9.png 18w, https:\/\/portal-krokitchen.crmcarecloud.com\/wp-content\/uploads\/2023\/11\/Kopie-souboru-alma_space10291-Large-1.png 1118w\" sizes=\"auto, (max-width: 1024px) 100vw, 1024px\" \/><\/figure>\n<\/div>\n<\/div>\n\n\n\n<div class=\"wp-block-columns column-reverse is-layout-flex wp-container-core-columns-is-layout-1a0bba20 wp-block-columns-is-layout-flex\" id=\"kru-card\" style=\"padding-top:var(--wp--preset--spacing--30);padding-bottom:var(--wp--preset--spacing--60)\">\n<div class=\"wp-block-column is-layout-flow wp-block-column-is-layout-flow\">\n<figure class=\"wp-block-image size-large\"><img loading=\"lazy\" decoding=\"async\" width=\"1024\" height=\"500\" src=\"https:\/\/portal-krokitchen.crmcarecloud.com\/wp-content\/uploads\/2023\/11\/Kopie-souboru-alma_space10291-Large-1-1024x500.png\" alt=\"\" class=\"wp-image-303\" srcset=\"https:\/\/portal-krokitchen.crmcarecloud.com\/wp-content\/uploads\/2023\/11\/Kopie-souboru-alma_space10291-Large-1-1024x500.png 1024w, https:\/\/portal-krokitchen.crmcarecloud.com\/wp-content\/uploads\/2023\/11\/Kopie-souboru-alma_space10291-Large-1-300x147.png 300w, https:\/\/portal-krokitchen.crmcarecloud.com\/wp-content\/uploads\/2023\/11\/Kopie-souboru-alma_space10291-Large-1-768x375.png 768w, https:\/\/portal-krokitchen.crmcarecloud.com\/wp-content\/uploads\/2023\/11\/Kopie-souboru-alma_space10291-Large-1-18x9.png 18w, https:\/\/portal-krokitchen.crmcarecloud.com\/wp-content\/uploads\/2023\/11\/Kopie-souboru-alma_space10291-Large-1.png 1118w\" sizes=\"auto, (max-width: 1024px) 100vw, 1024px\" \/><\/figure>\n<\/div>\n\n\n\n<div class=\"wp-block-column is-vertically-aligned-center column-with-text is-layout-flow wp-block-column-is-layout-flow\">\n<h4 class=\"wp-block-heading\" style=\"padding-left:var(--wp--preset--spacing--50)\">A m\u00e1me i d\u00e1rkov\u00e9 KRU:Karty&#8230;<\/h4>\n\n\n\n<p style=\"padding-left:var(--wp--preset--spacing--50)\">Bav\u00ed v\u00e1s KRO a Alma tak moc, \u017ee byste r\u00e1di z\u00e1\u017eitek u n\u00e1s dop\u0159\u00e1li i sv\u00fdm bl\u00edzk\u00fdm? Nen\u00ed nic jednodu\u0161\u0161\u00edho \u2013 v jak\u00e9mkoli podniku rodiny KRO nebo Alma po\u0159\u00edd\u00edte d\u00e1rkov\u00e9 pouk\u00e1zky na konzumaci v libovoln\u00e9 hodnot\u011b, kterou si sami zvol\u00edte. D\u00e1rkov\u00e1 KRU:Karta plat\u00ed 12 m\u011bs\u00edc\u016f od n\u00e1kupu nap\u0159\u00ed\u010d pobo\u010dkami a m\u016f\u017eete ji vyu\u017e\u00edt i opakovan\u011b. Te\u010f u\u017e jen vymyslet, koho s n\u00ed pot\u011b\u0161\u00edte! <a href=\"#kru-card\" data-type=\"internal\" data-id=\"#kru-card\">&gt;&gt;&gt; V\u00edc o d\u00e1rkov\u00e9 KRU:Kart\u011b<\/a><\/p>\n<\/div>\n<\/div>\n\n\n\n<div class=\"wp-block-columns has-background is-layout-flex wp-container-core-columns-is-layout-2e553af9 wp-block-columns-is-layout-flex\" style=\"background-color:#fae108;margin-top:0;margin-bottom:0;padding-right:var(--wp--preset--spacing--30);padding-left:var(--wp--preset--spacing--30)\">\n<div class=\"wp-block-column is-layout-flow wp-block-column-is-layout-flow\">\n<h3 class=\"wp-block-heading\" id=\"seznam-podniku\">KRU: podniky<\/h3>\n\n\n\n<p><em>Kde v\u0161ude m\u016f\u017eete KRU: kartu po\u0159\u00eddit a u\u017e\u00edvat jej\u00ed v\u00fdhody? <\/em><\/p>\n\n\n\n<p><a href=\"https:\/\/www.almaprague.cz\/restaurace\">Alma Prague Restaurant<\/a>, V Jirch\u00e1\u0159\u00edch 8, Praha 1<\/p>\n\n\n\n<p><a href=\"https:\/\/www.almaprague.cz\/kavarna\">Alma Caf\u00e9<\/a>, V Jirch\u00e1\u0159\u00edch 8, Praha 1<\/p>\n\n\n\n<p><a href=\"https:\/\/www.almaprague.cz\/vinarna\">Vin\u00e1rna by Alma<\/a>, V Jirch\u00e1\u0159\u00edch 8, Praha 1 (ve dvo\u0159e)<\/p>\n\n\n\n<p><a href=\"https:\/\/www.krokitchen.cz\/vinohrady-bistro\">KRO Vinohrady<\/a><strong> <\/strong>Vinohradsk\u00e1 66, 130 00 Praha 3<\/p>\n\n\n\n<p><a href=\"https:\/\/www.krokitchen.cz\/vinohrady-kavarna\">KRO Coffee<\/a> Vinohradsk\u00e1 64, 130 00 Praha 3<\/p>\n\n\n\n<p><a href=\"https:\/\/www.krokitchen.cz\/vrsovice\">KRO Vr\u0161ovice<\/a> Moskevsk\u00e1 30, 100 00 Praha 10<\/p>\n\n\n\n<p><a href=\"http:\/\/www.almawines.cz\">Alma Wines Shop<\/a>, V Jirch\u00e1\u0159\u00edch 8, Praha 1<\/p>\n\n\n\n<p><\/p>\n<\/div>\n<\/div>\n\n\n\n<h3 class=\"wp-block-heading\" id=\"seznam-podniku\"><\/h3>","protected":false},"excerpt":{"rendered":"<p>V\u00fdhody KRU:Karty KRU:Karta funguje na principu cashback \u2013 za ka\u017ed\u00fdch 1000 K\u010d, kter\u00e9 v jednom z na\u0161ich podnik\u016f utrat\u00edte, v\u00e1m p\u0159ip\u00ed\u0161eme 50 bod\u016f na v\u00e1\u0161 z\u00e1kaznick\u00fd \u00fa\u010det. Nasb\u00edran\u00e9 body pak m\u016f\u017eete vyu\u017e\u00edt p\u0159i dal\u0161\u00edch n\u00e1v\u0161t\u011bv\u00e1ch a zaplatit jimi a\u017e 50% \u010d\u00e1stky \u00fa\u010dtu. SuperKRU: \u010c\u00edm v\u00edce n\u00e1v\u0161t\u011bv, t\u00edm v\u00edce bod\u016f. Kdy\u017e u n\u00e1s b\u011bhem 12 m\u011bs\u00edc\u016f [&hellip;]<\/p>","protected":false},"author":2,"featured_media":0,"parent":0,"menu_order":0,"comment_status":"closed","ping_status":"closed","template":"","meta":{"inline_featured_image":false,"footnotes":""},"class_list":["post-285","page","type-page","status-publish","hentry"],"_links":{"self":[{"href":"https:\/\/portal-krokitchen.crmcarecloud.com\/en\/wp-json\/wp\/v2\/pages\/285","targetHints":{"allow":["GET"]}}],"collection":[{"href":"https:\/\/portal-krokitchen.crmcarecloud.com\/en\/wp-json\/wp\/v2\/pages"}],"about":[{"href":"https:\/\/portal-krokitchen.crmcarecloud.com\/en\/wp-json\/wp\/v2\/types\/page"}],"author":[{"embeddable":true,"href":"https:\/\/portal-krokitchen.crmcarecloud.com\/en\/wp-json\/wp\/v2\/users\/2"}],"replies":[{"embeddable":true,"href":"https:\/\/portal-krokitchen.crmcarecloud.com\/en\/wp-json\/wp\/v2\/comments?post=285"}],"version-history":[{"count":66,"href":"https:\/\/portal-krokitchen.crmcarecloud.com\/en\/wp-json\/wp\/v2\/pages\/285\/revisions"}],"predecessor-version":[{"id":853,"href":"https:\/\/portal-krokitchen.crmcarecloud.com\/en\/wp-json\/wp\/v2\/pages\/285\/revisions\/853"}],"wp:attachment":[{"href":"https:\/\/portal-krokitchen.crmcarecloud.com\/en\/wp-json\/wp\/v2\/media?parent=285"}],"curies":[{"name":"wp","href":"https:\/\/api.w.org\/{rel}","templated":true}]}}